{"id":9,"date":"2025-07-25T11:26:40","date_gmt":"2025-07-25T11:26:40","guid":{"rendered":"https:\/\/www.assemblygo.pl\/?page_id=9"},"modified":"2025-07-25T11:26:40","modified_gmt":"2025-07-25T11:26:40","slug":"o-blogu","status":"publish","type":"page","link":"https:\/\/assemblygo.pl\/?page_id=9","title":{"rendered":"O blogu"},"content":{"rendered":"\n<p>\u015awiat logistyki i e\u2011commerce zmienia si\u0119 w zawrotnym tempie. Ten blog powsta\u0142, by przybli\u017cy\u0107 kulisy nowoczesnych proces\u00f3w, kt\u00f3re wp\u0142ywaj\u0105 na nasz\u0105 codzienno\u015b\u0107 \u2013 od zam\u00f3wienia produktu w internecie po moment, gdy trafia on pod drzwi klienta. Chcemy pokaza\u0107, \u017ce logistyka to nie tylko transport i magazynowanie, ale tak\u017ce technologia, strategia i nieustanna innowacja.<\/p>\n\n\n\n<p>Na naszym blogu znajdziesz:<\/p>\n\n\n\n<ul class=\"wp-block-list\">\n<li>\ud83d\ude9a Historie i analizy pokazuj\u0105ce, jak dzia\u0142a wsp\u00f3\u0142czesna logistyka<\/li>\n\n\n\n<li>\ud83c\udfed Kulisy magazyn\u00f3w i centr\u00f3w fulfillmentowych<\/li>\n\n\n\n<li>\ud83e\udd16 Trendy technologiczne, kt\u00f3re zmieniaj\u0105 bran\u017c\u0119<\/li>\n\n\n\n<li>\ud83d\udce6 Praktyczne spojrzenie na procesy pakowania, co\u2011packingu i zarz\u0105dzania zapasami<\/li>\n\n\n\n<li>\ud83c\udf0d Inspiracje dla firm, kt\u00f3re chc\u0105 rozwija\u0107 si\u0119 w \u015bwiecie e\u2011commerce<\/li>\n<\/ul>\n","protected":false},"excerpt":{"rendered":"<p>\u015awiat logistyki i e\u2011commerce zmienia si\u0119 w zawrotnym tempie. Ten blog powsta\u0142, by przybli\u017cy\u0107 kulisy nowoczesnych proces\u00f3w, kt\u00f3re wp\u0142ywaj\u0105 na nasz\u0105 codzienno\u015b\u0107 \u2013 od zam\u00f3wienia produktu w internecie po moment, gdy trafia on pod drzwi klienta. Chcemy pokaza\u0107, \u017ce logistyka to nie tylko transport i magazynowanie, ale tak\u017ce technologia, strategia i nieustanna innowacja. Na naszym<a class=\"more-link\" href=\"https:\/\/assemblygo.pl\/?page_id=9\">Read more<\/a><\/p>\n","protected":false},"author":1,"featured_media":0,"parent":0,"menu_order":0,"comment_status":"closed","ping_status":"closed","template":"","meta":{"footnotes":""},"class_list":["post-9","page","type-page","status-publish","hentry"],"_links":{"self":[{"href":"https:\/\/assemblygo.pl\/index.php?rest_route=\/wp\/v2\/pages\/9","targetHints":{"allow":["GET"]}}],"collection":[{"href":"https:\/\/assemblygo.pl\/index.php?rest_route=\/wp\/v2\/pages"}],"about":[{"href":"https:\/\/assemblygo.pl\/index.php?rest_route=\/wp\/v2\/types\/page"}],"author":[{"embeddable":true,"href":"https:\/\/assemblygo.pl\/index.php?rest_route=\/wp\/v2\/users\/1"}],"replies":[{"embeddable":true,"href":"https:\/\/assemblygo.pl\/index.php?rest_route=%2Fwp%2Fv2%2Fcomments&post=9"}],"version-history":[{"count":0,"href":"https:\/\/assemblygo.pl\/index.php?rest_route=\/wp\/v2\/pages\/9\/revisions"}],"wp:attachment":[{"href":"https:\/\/assemblygo.pl\/index.php?rest_route=%2Fwp%2Fv2%2Fmedia&parent=9"}],"curies":[{"name":"wp","href":"https:\/\/api.w.org\/{rel}","templated":true}]}}